{"id":1272,"date":"2022-01-05T22:30:55","date_gmt":"2022-01-05T22:30:55","guid":{"rendered":"https:\/\/abogadoisrael.co.il\/?page_id=1272"},"modified":"2022-01-05T22:31:14","modified_gmt":"2022-01-05T22:31:14","slug":"terminos-y-condiciones-de-uso","status":"publish","type":"page","link":"https:\/\/abogadoisrael.co.il\/es\/terminos-y-condiciones-de-uso\/","title":{"rendered":"T\u00e9rminos y Condiciones de Uso"},"content":{"rendered":"\t\t<div data-elementor-type=\"wp-page\" data-elementor-id=\"1272\" class=\"elementor elementor-1272\" data-elementor-post-type=\"page\">\n\t\t\t\t\t\t<section class=\"elementor-section elementor-top-section elementor-element elementor-element-f91dede elementor-section-boxed elementor-section-height-default elementor-section-height-default\" data-id=\"f91dede\" data-element_type=\"section\" data-e-type=\"section\">\n\t\t\t\t\t\t<div class=\"elementor-container elementor-column-gap-default\">\n\t\t\t\t\t<div class=\"elementor-column elementor-col-100 elementor-top-column elementor-element elementor-element-4381fba\" data-id=\"4381fba\" data-element_type=\"column\" data-e-type=\"column\">\n\t\t\t<div class=\"elementor-widget-wrap elementor-element-populated\">\n\t\t\t\t\t\t<div class=\"elementor-element elementor-element-2976d88 elementor-widget elementor-widget-text-editor\" data-id=\"2976d88\" data-element_type=\"widget\" data-e-type=\"widget\" data-widget_type=\"text-editor.default\">\n\t\t\t\t<div class=\"elementor-widget-container\">\n\t\t\t\t\t\t\t\t\t<h2><strong>T\u00c9RMINOS Y CONDICIONES DE USO<\/strong><\/h2><p>\u00a0<\/p><p>Los materiales disponibles en este sitio web son solo para fines informativos y no para brindar asesoramiento legal. Debe comunicarse con su abogado para obtener asesoramiento con respecto a cualquier tema o problema en particular. El uso y el acceso a este sitio web o cualquiera de los enlaces de correo electr\u00f3nico contenidos en el sitio no crea una relaci\u00f3n abogado-cliente entre El Bufete Eduardo Maiseleff Abogado Penal y el usuario o navegador. Las opiniones expresadas en o a trav\u00e9s de este sitio son las opiniones del autor individual.<\/p><p>La informaci\u00f3n de este sitio web no pretende constituir asesoramiento legal ni sustituir la obtenci\u00f3n de asesoramiento legal de un abogado con licencia en la jurisdicci\u00f3n correspondiente.<\/p><p>Los destinatarios de todo bolet\u00edn o informaci\u00f3n y los lectores en l\u00ednea no deben depender de la transmisi\u00f3n de un mensaje de correo electr\u00f3nico para crear una relaci\u00f3n abogado-cliente.\u00a0<\/p><p>Los suscriptores de Internet y los lectores en l\u00ednea no deben actuar sobre la informaci\u00f3n de este sitio web sin antes consultar directamente con su propio asesor legal.\u00a0La contrataci\u00f3n de un abogado es una decisi\u00f3n importante que no debe basarse en anuncios.<\/p><p>\u00a0<\/p><p>El Bufete Eduardo Maiseleff Abogado Penal no est\u00e1 dispuesto a asumir la representaci\u00f3n de clientes de aquellos estados donde el material de marketing de la firma no cumple con los requisitos del State Bar y donde el cliente se genera como resultado de esa comunicaci\u00f3n.<\/p><p>No se hace ni se pretende que la calidad de los servicios legales a realizarse sea mayor que la calidad de los servicios legales prestados por otros abogados.\u00a0<\/p><p>El contenido de este sitio se proporciona \u00abtal cual\u00bb.\u00a0No declaramos que el contenido estar\u00e1 libre de errores, ser\u00e1 oportuno, libre de virus u otros elementos da\u00f1inos, o que los defectos ser\u00e1n corregidos.\u00a0<\/p><p>El Bufete Eduardo Maiseleff Abogado Penal no hace ninguna declaraci\u00f3n, expresa o impl\u00edcita, con respecto a la puntualidad, precisi\u00f3n o integridad de cualquiera de los contenidos de este sitio web, y renuncia expresamente a cualquier responsabilidad o garant\u00eda, expresa o impl\u00edcita, incluyendo, sin limitaci\u00f3n, cualquier impl\u00edcita. garant\u00edas de comerciabilidad, idoneidad para un prop\u00f3sito particular o no infracci\u00f3n.<\/p><p>El Bufete Eduardo Maiseleff Abogado Penal renuncia expresamente a cualquier responsabilidad por cualquier acci\u00f3n o falta de acci\u00f3n, bas\u00e1ndose en cualquiera de los contenidos del sitio web. Su \u00fanico recurso ante cualquier insatisfacci\u00f3n con cualquiera de los contenidos es abstenerse de utilizar el sitio web.<\/p>\t\t\t\t\t\t\t\t<\/div>\n\t\t\t\t<\/div>\n\t\t\t\t\t<\/div>\n\t\t<\/div>\n\t\t\t\t\t<\/div>\n\t\t<\/section>\n\t\t\t\t<\/div>\n\t\t","protected":false},"excerpt":{"rendered":"<p>T\u00c9RMINOS Y CONDICIONES DE USO \u00a0 Los materiales disponibles en este sitio web son solo para fines informativos y no para brindar asesoramiento legal. Debe comunicarse con su abogado para obtener asesoramiento con respecto a cualquier tema o problema en particular. El uso y el acceso a este sitio web o cualquiera de los enlaces [&hellip;]<\/p>\n","protected":false},"author":1,"featured_media":0,"parent":0,"menu_order":0,"comment_status":"closed","ping_status":"closed","template":"","meta":{"footnotes":""},"class_list":["post-1272","page","type-page","status-publish","hentry"],"yoast_head":"<!-- This site is optimized with the Yoast SEO plugin v27.5 - https:\/\/yoast.com\/product\/yoast-seo-wordpress\/ -->\n<title>T\u00e9rminos y Condiciones de Uso - Abogado Israel<\/title>\n<meta name=\"robots\" content=\"index, follow, max-snippet:-1, max-image-preview:large, max-video-preview:-1\" \/>\n<link rel=\"canonical\" href=\"https:\/\/abogadoisrael.co.il\/es\/terminos-y-condiciones-de-uso\/\" \/>\n<meta property=\"og:locale\" content=\"es_ES\" \/>\n<meta property=\"og:type\" content=\"article\" \/>\n<meta property=\"og:title\" content=\"T\u00e9rminos y Condiciones de Uso - Abogado Israel\" \/>\n<meta property=\"og:description\" content=\"T\u00c9RMINOS Y CONDICIONES DE USO \u00a0 Los materiales disponibles en este sitio web son solo para fines informativos y no para brindar asesoramiento legal. Debe comunicarse con su abogado para obtener asesoramiento con respecto a cualquier tema o problema en particular. El uso y el acceso a este sitio web o cualquiera de los enlaces [&hellip;]\" \/>\n<meta property=\"og:url\" content=\"https:\/\/abogadoisrael.co.il\/es\/terminos-y-condiciones-de-uso\/\" \/>\n<meta property=\"og:site_name\" content=\"Abogado Israel\" \/>\n<meta property=\"article:publisher\" content=\"https:\/\/www.facebook.com\/Maiseleff\/\" \/>\n<meta property=\"article:modified_time\" content=\"2022-01-05T22:31:14+00:00\" \/>\n<meta name=\"twitter:card\" content=\"summary_large_image\" \/>\n<meta name=\"twitter:label1\" content=\"Tiempo de lectura\" \/>\n\t<meta name=\"twitter:data1\" content=\"2 minutos\" \/>\n<script type=\"application\/ld+json\" class=\"yoast-schema-graph\">{\"@context\":\"https:\\\/\\\/schema.org\",\"@graph\":[{\"@type\":\"WebPage\",\"@id\":\"https:\\\/\\\/abogadoisrael.co.il\\\/es\\\/terminos-y-condiciones-de-uso\\\/\",\"url\":\"https:\\\/\\\/abogadoisrael.co.il\\\/es\\\/terminos-y-condiciones-de-uso\\\/\",\"name\":\"T\u00e9rminos y Condiciones de Uso - Abogado Israel\",\"isPartOf\":{\"@id\":\"https:\\\/\\\/abogadoisrael.co.il\\\/es\\\/#website\"},\"datePublished\":\"2022-01-05T22:30:55+00:00\",\"dateModified\":\"2022-01-05T22:31:14+00:00\",\"breadcrumb\":{\"@id\":\"https:\\\/\\\/abogadoisrael.co.il\\\/es\\\/terminos-y-condiciones-de-uso\\\/#breadcrumb\"},\"inLanguage\":\"es\",\"potentialAction\":[{\"@type\":\"ReadAction\",\"target\":[\"https:\\\/\\\/abogadoisrael.co.il\\\/es\\\/terminos-y-condiciones-de-uso\\\/\"]}]},{\"@type\":\"BreadcrumbList\",\"@id\":\"https:\\\/\\\/abogadoisrael.co.il\\\/es\\\/terminos-y-condiciones-de-uso\\\/#breadcrumb\",\"itemListElement\":[{\"@type\":\"ListItem\",\"position\":1,\"name\":\"Home\",\"item\":\"https:\\\/\\\/abogadoisrael.co.il\\\/es\\\/\"},{\"@type\":\"ListItem\",\"position\":2,\"name\":\"T\u00e9rminos y Condiciones de Uso\"}]},{\"@type\":\"WebSite\",\"@id\":\"https:\\\/\\\/abogadoisrael.co.il\\\/es\\\/#website\",\"url\":\"https:\\\/\\\/abogadoisrael.co.il\\\/es\\\/\",\"name\":\"Abogado Israel\",\"description\":\"\u05de\u05e9\u05e8\u05d3 \u05e2\u05d5\u05e8\u05db\u05d9 \u05d3\u05d9\u05df\",\"publisher\":{\"@id\":\"https:\\\/\\\/abogadoisrael.co.il\\\/es\\\/#organization\"},\"potentialAction\":[{\"@type\":\"SearchAction\",\"target\":{\"@type\":\"EntryPoint\",\"urlTemplate\":\"https:\\\/\\\/abogadoisrael.co.il\\\/es\\\/?s={search_term_string}\"},\"query-input\":{\"@type\":\"PropertyValueSpecification\",\"valueRequired\":true,\"valueName\":\"search_term_string\"}}],\"inLanguage\":\"es\"},{\"@type\":\"Organization\",\"@id\":\"https:\\\/\\\/abogadoisrael.co.il\\\/es\\\/#organization\",\"name\":\"Abogado Israel\",\"url\":\"https:\\\/\\\/abogadoisrael.co.il\\\/es\\\/\",\"logo\":{\"@type\":\"ImageObject\",\"inLanguage\":\"es\",\"@id\":\"https:\\\/\\\/abogadoisrael.co.il\\\/es\\\/#\\\/schema\\\/logo\\\/image\\\/\",\"url\":\"https:\\\/\\\/abogadoisrael.co.il\\\/wp-content\\\/uploads\\\/2024\\\/11\\\/\u05de\u05e9\u05e0\u05d9-\u05dc\u05dc\u05d0-\u05e8\u05e7\u05e2.png\",\"contentUrl\":\"https:\\\/\\\/abogadoisrael.co.il\\\/wp-content\\\/uploads\\\/2024\\\/11\\\/\u05de\u05e9\u05e0\u05d9-\u05dc\u05dc\u05d0-\u05e8\u05e7\u05e2.png\",\"width\":1200,\"height\":1200,\"caption\":\"Abogado Israel\"},\"image\":{\"@id\":\"https:\\\/\\\/abogadoisrael.co.il\\\/es\\\/#\\\/schema\\\/logo\\\/image\\\/\"},\"sameAs\":[\"https:\\\/\\\/www.facebook.com\\\/Maiseleff\\\/\",\"https:\\\/\\\/www.instagram.com\\\/abogado.israel\",\"http:\\\/\\\/www.linkedin.com\\\/in\\\/abogado-israel-eduardo-maiseleff\"]}]}<\/script>\n<!-- \/ Yoast SEO plugin. -->","yoast_head_json":{"title":"T\u00e9rminos y Condiciones de Uso - Abogado Israel","robots":{"index":"index","follow":"follow","max-snippet":"max-snippet:-1","max-image-preview":"max-image-preview:large","max-video-preview":"max-video-preview:-1"},"canonical":"https:\/\/abogadoisrael.co.il\/es\/terminos-y-condiciones-de-uso\/","og_locale":"es_ES","og_type":"article","og_title":"T\u00e9rminos y Condiciones de Uso - Abogado Israel","og_description":"T\u00c9RMINOS Y CONDICIONES DE USO \u00a0 Los materiales disponibles en este sitio web son solo para fines informativos y no para brindar asesoramiento legal. Debe comunicarse con su abogado para obtener asesoramiento con respecto a cualquier tema o problema en particular. El uso y el acceso a este sitio web o cualquiera de los enlaces [&hellip;]","og_url":"https:\/\/abogadoisrael.co.il\/es\/terminos-y-condiciones-de-uso\/","og_site_name":"Abogado Israel","article_publisher":"https:\/\/www.facebook.com\/Maiseleff\/","article_modified_time":"2022-01-05T22:31:14+00:00","twitter_card":"summary_large_image","twitter_misc":{"Tiempo de lectura":"2 minutos"},"schema":{"@context":"https:\/\/schema.org","@graph":[{"@type":"WebPage","@id":"https:\/\/abogadoisrael.co.il\/es\/terminos-y-condiciones-de-uso\/","url":"https:\/\/abogadoisrael.co.il\/es\/terminos-y-condiciones-de-uso\/","name":"T\u00e9rminos y Condiciones de Uso - Abogado Israel","isPartOf":{"@id":"https:\/\/abogadoisrael.co.il\/es\/#website"},"datePublished":"2022-01-05T22:30:55+00:00","dateModified":"2022-01-05T22:31:14+00:00","breadcrumb":{"@id":"https:\/\/abogadoisrael.co.il\/es\/terminos-y-condiciones-de-uso\/#breadcrumb"},"inLanguage":"es","potentialAction":[{"@type":"ReadAction","target":["https:\/\/abogadoisrael.co.il\/es\/terminos-y-condiciones-de-uso\/"]}]},{"@type":"BreadcrumbList","@id":"https:\/\/abogadoisrael.co.il\/es\/terminos-y-condiciones-de-uso\/#breadcrumb","itemListElement":[{"@type":"ListItem","position":1,"name":"Home","item":"https:\/\/abogadoisrael.co.il\/es\/"},{"@type":"ListItem","position":2,"name":"T\u00e9rminos y Condiciones de Uso"}]},{"@type":"WebSite","@id":"https:\/\/abogadoisrael.co.il\/es\/#website","url":"https:\/\/abogadoisrael.co.il\/es\/","name":"Abogado Israel","description":"\u05de\u05e9\u05e8\u05d3 \u05e2\u05d5\u05e8\u05db\u05d9 \u05d3\u05d9\u05df","publisher":{"@id":"https:\/\/abogadoisrael.co.il\/es\/#organization"},"potentialAction":[{"@type":"SearchAction","target":{"@type":"EntryPoint","urlTemplate":"https:\/\/abogadoisrael.co.il\/es\/?s={search_term_string}"},"query-input":{"@type":"PropertyValueSpecification","valueRequired":true,"valueName":"search_term_string"}}],"inLanguage":"es"},{"@type":"Organization","@id":"https:\/\/abogadoisrael.co.il\/es\/#organization","name":"Abogado Israel","url":"https:\/\/abogadoisrael.co.il\/es\/","logo":{"@type":"ImageObject","inLanguage":"es","@id":"https:\/\/abogadoisrael.co.il\/es\/#\/schema\/logo\/image\/","url":"https:\/\/abogadoisrael.co.il\/wp-content\/uploads\/2024\/11\/\u05de\u05e9\u05e0\u05d9-\u05dc\u05dc\u05d0-\u05e8\u05e7\u05e2.png","contentUrl":"https:\/\/abogadoisrael.co.il\/wp-content\/uploads\/2024\/11\/\u05de\u05e9\u05e0\u05d9-\u05dc\u05dc\u05d0-\u05e8\u05e7\u05e2.png","width":1200,"height":1200,"caption":"Abogado Israel"},"image":{"@id":"https:\/\/abogadoisrael.co.il\/es\/#\/schema\/logo\/image\/"},"sameAs":["https:\/\/www.facebook.com\/Maiseleff\/","https:\/\/www.instagram.com\/abogado.israel","http:\/\/www.linkedin.com\/in\/abogado-israel-eduardo-maiseleff"]}]}},"_links":{"self":[{"href":"https:\/\/abogadoisrael.co.il\/es\/wp-json\/wp\/v2\/pages\/1272","targetHints":{"allow":["GET"]}}],"collection":[{"href":"https:\/\/abogadoisrael.co.il\/es\/wp-json\/wp\/v2\/pages"}],"about":[{"href":"https:\/\/abogadoisrael.co.il\/es\/wp-json\/wp\/v2\/types\/page"}],"author":[{"embeddable":true,"href":"https:\/\/abogadoisrael.co.il\/es\/wp-json\/wp\/v2\/users\/1"}],"replies":[{"embeddable":true,"href":"https:\/\/abogadoisrael.co.il\/es\/wp-json\/wp\/v2\/comments?post=1272"}],"version-history":[{"count":0,"href":"https:\/\/abogadoisrael.co.il\/es\/wp-json\/wp\/v2\/pages\/1272\/revisions"}],"wp:attachment":[{"href":"https:\/\/abogadoisrael.co.il\/es\/wp-json\/wp\/v2\/media?parent=1272"}],"curies":[{"name":"wp","href":"https:\/\/api.w.org\/{rel}","templated":true}]}}